{"id":7144,"date":"2022-02-18T14:31:50","date_gmt":"2022-02-18T20:31:50","guid":{"rendered":"https:\/\/renewalmusiccollective.com\/?post_type=product&#038;p=7144"},"modified":"2025-04-10T18:58:15","modified_gmt":"2025-04-11T00:58:15","slug":"atomicchildren","status":"publish","type":"product","link":"https:\/\/renewalmusiccollective.com\/es\/producto\/atomicchildren\/","title":{"rendered":"Atomic Children (feat. Wessanders, HDOD, Juan Carlos Sardaneta, Jorge Costa)"},"content":{"rendered":"","protected":false},"excerpt":{"rendered":"<p>\u201cAtomic Children\u201d es el sencillo debut de Renewal Music Collective: una potente pieza electr\u00f3nica que fusiona house, jazz y m\u00fasica del mundo en un paisaje sonoro ex\u00f3tico, oscuro y bailable.<\/p>\n<p>Este primer lanzamiento presenta a Wessanders, DJ y productor radicado en Estados Unidos, activo en la escena electr\u00f3nica actual; junto con Odguer Hern\u00e1ndez, guitarrista y productor originario de Veracruz y actualmente establecido en Oslo; y Potr\u00f3s, compositor electr\u00f3nico que reside en Barcelona.<\/p>\n<p>La producci\u00f3n, masterizaci\u00f3n y capas musicales adicionales estuvieron a cargo de Jorge Costa, pieza clave de Renewal Music Collective, con cr\u00e9ditos que incluyen colaboraciones con artistas como Korn, Melissa Etheridge, Wiz Khalifa, Dr. Dre, Jerry Goodman, Alex Wurman y Sonya Belousova.<\/p>\n<p>Si bien todos los integrantes son coautores, el concepto musical central, la l\u00ednea de bajo, el beat y el arreglo de \u201cAtomic Children\u201d fueron liderados por Juan Carlos Sardaneta.<\/p>","protected":false},"featured_media":7146,"template":"","meta":[],"product_brand":[],"product_cat":[58,59,60,62],"product_tag":[],"class_list":{"0":"post-7144","1":"product","2":"type-product","3":"status-publish","4":"has-post-thumbnail","6":"product_cat-funk","7":"product_cat-house","8":"product_cat-indie","9":"product_cat-nu-jazz","11":"first","12":"instock","13":"downloadable","14":"shipping-taxable","15":"purchasable","16":"product-type-simple"},"yoast_head":"<!-- This site is optimized with the Yoast SEO plugin v27.2 - https:\/\/yoast.com\/product\/yoast-seo-wordpress\/ -->\n<title>Purchase Atomic Children (feat. Wessanders, HDOD, Juan Carlos Sardaneta, Jorge Costa)<\/title>\n<meta name=\"robots\" content=\"index, follow, max-snippet:-1, max-image-preview:large, max-video-preview:-1\" \/>\n<link rel=\"canonical\" href=\"https:\/\/renewalmusiccollective.com\/es\/producto\/atomicchildren\/\" \/>\n<meta property=\"og:locale\" content=\"es_MX\" \/>\n<meta property=\"og:type\" content=\"article\" \/>\n<meta property=\"og:title\" content=\"Purchase Atomic Children (feat. Wessanders, HDOD, Juan Carlos Sardaneta, Jorge Costa)\" \/>\n<meta property=\"og:description\" content=\"\u201cAtomic Children\u201d is the debut single from Renewal Music Collective\u2014a powerful electronic piece that blends house, jazz, and world music into an exotic, dark, and danceable soundscape.  This first release features Wessanders, a U.S.-based DJ and producer active in the current electronic scene, along with Odguer Hern\u00e1ndez, a guitarist and producer from Veracruz now based in Oslo, and Potr\u00f3s, an electronic composer living in Barcelona.  Production, mastering, and additional musical layers were crafted by Jorge Costa, a cornerstone of Renewal Music Collective, whose credits include working with artists like Korn, Melissa Etheridge, Wiz Khalifa, Dr. Dre, Jerry Goodman, Alex Wurman, and Sonya Belousova.  While every member is a co-author, the core musical concept, bassline, beat, and arrangement of \u201cAtomic Children\u201d were led by Juan Carlos Sardaneta.\" \/>\n<meta property=\"og:url\" content=\"https:\/\/renewalmusiccollective.com\/es\/producto\/atomicchildren\/\" \/>\n<meta property=\"og:site_name\" content=\"Renewal Music Collective\" \/>\n<meta property=\"article:publisher\" content=\"https:\/\/www.facebook.com\/renewalmusiccollective\" \/>\n<meta property=\"article:modified_time\" content=\"2025-04-11T00:58:15+00:00\" \/>\n<meta property=\"og:image\" content=\"https:\/\/renewalmusiccollective.com\/wp-content\/uploads\/2025\/04\/atomic-children-1000.jpg\" \/>\n\t<meta property=\"og:image:width\" content=\"1000\" \/>\n\t<meta property=\"og:image:height\" content=\"1000\" \/>\n\t<meta property=\"og:image:type\" content=\"image\/jpeg\" \/>\n<meta name=\"twitter:card\" content=\"summary_large_image\" \/>\n<script type=\"application\/ld+json\" class=\"yoast-schema-graph\">{\"@context\":\"https:\/\/schema.org\",\"@graph\":[{\"@type\":\"WebPage\",\"@id\":\"https:\/\/renewalmusiccollective.com\/product\/atomicchildren\/\",\"url\":\"https:\/\/renewalmusiccollective.com\/product\/atomicchildren\/\",\"name\":\"Purchase Atomic Children (feat. Wessanders, HDOD, Juan Carlos Sardaneta, Jorge Costa)\",\"isPartOf\":{\"@id\":\"https:\/\/renewalmusiccollective.com\/en\/#website\"},\"primaryImageOfPage\":{\"@id\":\"https:\/\/renewalmusiccollective.com\/product\/atomicchildren\/#primaryimage\"},\"image\":{\"@id\":\"https:\/\/renewalmusiccollective.com\/product\/atomicchildren\/#primaryimage\"},\"thumbnailUrl\":\"https:\/\/renewalmusiccollective.com\/wp-content\/uploads\/2025\/04\/atomic-children-1000.jpg\",\"datePublished\":\"2022-02-18T20:31:50+00:00\",\"dateModified\":\"2025-04-11T00:58:15+00:00\",\"breadcrumb\":{\"@id\":\"https:\/\/renewalmusiccollective.com\/product\/atomicchildren\/#breadcrumb\"},\"inLanguage\":\"es\",\"potentialAction\":[{\"@type\":\"ReadAction\",\"target\":[\"https:\/\/renewalmusiccollective.com\/product\/atomicchildren\/\"]}]},{\"@type\":\"ImageObject\",\"inLanguage\":\"es\",\"@id\":\"https:\/\/renewalmusiccollective.com\/product\/atomicchildren\/#primaryimage\",\"url\":\"https:\/\/renewalmusiccollective.com\/wp-content\/uploads\/2025\/04\/atomic-children-1000.jpg\",\"contentUrl\":\"https:\/\/renewalmusiccollective.com\/wp-content\/uploads\/2025\/04\/atomic-children-1000.jpg\",\"width\":1000,\"height\":1000},{\"@type\":\"BreadcrumbList\",\"@id\":\"https:\/\/renewalmusiccollective.com\/product\/atomicchildren\/#breadcrumb\",\"itemListElement\":[{\"@type\":\"ListItem\",\"position\":1,\"name\":\"Home\",\"item\":\"https:\/\/renewalmusiccollective.com\/en\/\"},{\"@type\":\"ListItem\",\"position\":2,\"name\":\"Shop\",\"item\":\"https:\/\/renewalmusiccollective.com\/es\/shop\/\"},{\"@type\":\"ListItem\",\"position\":3,\"name\":\"Atomic Children (feat. Wessanders, HDOD, Juan Carlos Sardaneta, Jorge Costa)\"}]},{\"@type\":\"WebSite\",\"@id\":\"https:\/\/renewalmusiccollective.com\/en\/#website\",\"url\":\"https:\/\/renewalmusiccollective.com\/en\/\",\"name\":\"Renewal Music Collective\",\"description\":\"Downtempo, Jazz, Nu-Jazz, World Music Collective.\",\"publisher\":{\"@id\":\"https:\/\/renewalmusiccollective.com\/en\/#organization\"},\"potentialAction\":[{\"@type\":\"SearchAction\",\"target\":{\"@type\":\"EntryPoint\",\"urlTemplate\":\"https:\/\/renewalmusiccollective.com\/en\/?s={search_term_string}\"},\"query-input\":{\"@type\":\"PropertyValueSpecification\",\"valueRequired\":true,\"valueName\":\"search_term_string\"}}],\"inLanguage\":\"es\"},{\"@type\":\"Organization\",\"@id\":\"https:\/\/renewalmusiccollective.com\/en\/#organization\",\"name\":\"Renewal Music Collective\",\"url\":\"https:\/\/renewalmusiccollective.com\/en\/\",\"logo\":{\"@type\":\"ImageObject\",\"inLanguage\":\"es\",\"@id\":\"https:\/\/renewalmusiccollective.com\/en\/#\/schema\/logo\/image\/\",\"url\":\"https:\/\/renewalmusiccollective.com\/wp-content\/uploads\/2025\/04\/logo.png\",\"contentUrl\":\"https:\/\/renewalmusiccollective.com\/wp-content\/uploads\/2025\/04\/logo.png\",\"width\":770,\"height\":290,\"caption\":\"Renewal Music Collective\"},\"image\":{\"@id\":\"https:\/\/renewalmusiccollective.com\/en\/#\/schema\/logo\/image\/\"},\"sameAs\":[\"https:\/\/www.facebook.com\/renewalmusiccollective\",\"https:\/\/www.instagram.com\/renewalmusiccollective\",\"https:\/\/youtube.com\/@renewalmusiccollective\"]}]}<\/script>\n<!-- \/ Yoast SEO plugin. -->","yoast_head_json":{"title":"Purchase Atomic Children (feat. Wessanders, HDOD, Juan Carlos Sardaneta, Jorge Costa)","robots":{"index":"index","follow":"follow","max-snippet":"max-snippet:-1","max-image-preview":"max-image-preview:large","max-video-preview":"max-video-preview:-1"},"canonical":"https:\/\/renewalmusiccollective.com\/es\/producto\/atomicchildren\/","og_locale":"es_MX","og_type":"article","og_title":"Purchase Atomic Children (feat. Wessanders, HDOD, Juan Carlos Sardaneta, Jorge Costa)","og_description":"\u201cAtomic Children\u201d is the debut single from Renewal Music Collective\u2014a powerful electronic piece that blends house, jazz, and world music into an exotic, dark, and danceable soundscape.  This first release features Wessanders, a U.S.-based DJ and producer active in the current electronic scene, along with Odguer Hern\u00e1ndez, a guitarist and producer from Veracruz now based in Oslo, and Potr\u00f3s, an electronic composer living in Barcelona.  Production, mastering, and additional musical layers were crafted by Jorge Costa, a cornerstone of Renewal Music Collective, whose credits include working with artists like Korn, Melissa Etheridge, Wiz Khalifa, Dr. Dre, Jerry Goodman, Alex Wurman, and Sonya Belousova.  While every member is a co-author, the core musical concept, bassline, beat, and arrangement of \u201cAtomic Children\u201d were led by Juan Carlos Sardaneta.","og_url":"https:\/\/renewalmusiccollective.com\/es\/producto\/atomicchildren\/","og_site_name":"Renewal Music Collective","article_publisher":"https:\/\/www.facebook.com\/renewalmusiccollective","article_modified_time":"2025-04-11T00:58:15+00:00","og_image":[{"width":1000,"height":1000,"url":"https:\/\/renewalmusiccollective.com\/wp-content\/uploads\/2025\/04\/atomic-children-1000.jpg","type":"image\/jpeg"}],"twitter_card":"summary_large_image","schema":{"@context":"https:\/\/schema.org","@graph":[{"@type":"WebPage","@id":"https:\/\/renewalmusiccollective.com\/product\/atomicchildren\/","url":"https:\/\/renewalmusiccollective.com\/product\/atomicchildren\/","name":"Purchase Atomic Children (feat. Wessanders, HDOD, Juan Carlos Sardaneta, Jorge Costa)","isPartOf":{"@id":"https:\/\/renewalmusiccollective.com\/en\/#website"},"primaryImageOfPage":{"@id":"https:\/\/renewalmusiccollective.com\/product\/atomicchildren\/#primaryimage"},"image":{"@id":"https:\/\/renewalmusiccollective.com\/product\/atomicchildren\/#primaryimage"},"thumbnailUrl":"https:\/\/renewalmusiccollective.com\/wp-content\/uploads\/2025\/04\/atomic-children-1000.jpg","datePublished":"2022-02-18T20:31:50+00:00","dateModified":"2025-04-11T00:58:15+00:00","breadcrumb":{"@id":"https:\/\/renewalmusiccollective.com\/product\/atomicchildren\/#breadcrumb"},"inLanguage":"es","potentialAction":[{"@type":"ReadAction","target":["https:\/\/renewalmusiccollective.com\/product\/atomicchildren\/"]}]},{"@type":"ImageObject","inLanguage":"es","@id":"https:\/\/renewalmusiccollective.com\/product\/atomicchildren\/#primaryimage","url":"https:\/\/renewalmusiccollective.com\/wp-content\/uploads\/2025\/04\/atomic-children-1000.jpg","contentUrl":"https:\/\/renewalmusiccollective.com\/wp-content\/uploads\/2025\/04\/atomic-children-1000.jpg","width":1000,"height":1000},{"@type":"BreadcrumbList","@id":"https:\/\/renewalmusiccollective.com\/product\/atomicchildren\/#breadcrumb","itemListElement":[{"@type":"ListItem","position":1,"name":"Home","item":"https:\/\/renewalmusiccollective.com\/en\/"},{"@type":"ListItem","position":2,"name":"Shop","item":"https:\/\/renewalmusiccollective.com\/es\/shop\/"},{"@type":"ListItem","position":3,"name":"Atomic Children (feat. Wessanders, HDOD, Juan Carlos Sardaneta, Jorge Costa)"}]},{"@type":"WebSite","@id":"https:\/\/renewalmusiccollective.com\/en\/#website","url":"https:\/\/renewalmusiccollective.com\/en\/","name":"Renewal Music Collective","description":"Downtempo, Jazz, Nu-Jazz, World Music Collective.","publisher":{"@id":"https:\/\/renewalmusiccollective.com\/en\/#organization"},"potentialAction":[{"@type":"SearchAction","target":{"@type":"EntryPoint","urlTemplate":"https:\/\/renewalmusiccollective.com\/en\/?s={search_term_string}"},"query-input":{"@type":"PropertyValueSpecification","valueRequired":true,"valueName":"search_term_string"}}],"inLanguage":"es"},{"@type":"Organization","@id":"https:\/\/renewalmusiccollective.com\/en\/#organization","name":"Renewal Music Collective","url":"https:\/\/renewalmusiccollective.com\/en\/","logo":{"@type":"ImageObject","inLanguage":"es","@id":"https:\/\/renewalmusiccollective.com\/en\/#\/schema\/logo\/image\/","url":"https:\/\/renewalmusiccollective.com\/wp-content\/uploads\/2025\/04\/logo.png","contentUrl":"https:\/\/renewalmusiccollective.com\/wp-content\/uploads\/2025\/04\/logo.png","width":770,"height":290,"caption":"Renewal Music Collective"},"image":{"@id":"https:\/\/renewalmusiccollective.com\/en\/#\/schema\/logo\/image\/"},"sameAs":["https:\/\/www.facebook.com\/renewalmusiccollective","https:\/\/www.instagram.com\/renewalmusiccollective","https:\/\/youtube.com\/@renewalmusiccollective"]}]}},"acf":[],"_links":{"self":[{"href":"https:\/\/renewalmusiccollective.com\/es\/wp-json\/wp\/v2\/product\/7144","targetHints":{"allow":["GET"]}}],"collection":[{"href":"https:\/\/renewalmusiccollective.com\/es\/wp-json\/wp\/v2\/product"}],"about":[{"href":"https:\/\/renewalmusiccollective.com\/es\/wp-json\/wp\/v2\/types\/product"}],"version-history":[{"count":2,"href":"https:\/\/renewalmusiccollective.com\/es\/wp-json\/wp\/v2\/product\/7144\/revisions"}],"predecessor-version":[{"id":7201,"href":"https:\/\/renewalmusiccollective.com\/es\/wp-json\/wp\/v2\/product\/7144\/revisions\/7201"}],"wp:featuredmedia":[{"embeddable":true,"href":"https:\/\/renewalmusiccollective.com\/es\/wp-json\/wp\/v2\/media\/7146"}],"wp:attachment":[{"href":"https:\/\/renewalmusiccollective.com\/es\/wp-json\/wp\/v2\/media?parent=7144"}],"wp:term":[{"taxonomy":"product_brand","embeddable":true,"href":"https:\/\/renewalmusiccollective.com\/es\/wp-json\/wp\/v2\/product_brand?post=7144"},{"taxonomy":"product_cat","embeddable":true,"href":"https:\/\/renewalmusiccollective.com\/es\/wp-json\/wp\/v2\/product_cat?post=7144"},{"taxonomy":"product_tag","embeddable":true,"href":"https:\/\/renewalmusiccollective.com\/es\/wp-json\/wp\/v2\/product_tag?post=7144"}],"curies":[{"name":"wp","href":"https:\/\/api.w.org\/{rel}","templated":true}]}}