{"id":7140,"date":"2023-06-22T14:21:05","date_gmt":"2023-06-22T20:21:05","guid":{"rendered":"https:\/\/renewalmusiccollective.com\/?post_type=product&#038;p=7140"},"modified":"2025-04-10T18:58:03","modified_gmt":"2025-04-11T00:58:03","slug":"accidentallyoccidental","status":"publish","type":"product","link":"https:\/\/renewalmusiccollective.com\/es\/producto\/accidentallyoccidental\/","title":{"rendered":"Accidentally Occidental (feat. Juan Carlos Sardaneta,Jorge Costa, Guillermo Barron)"},"content":{"rendered":"","protected":false},"excerpt":{"rendered":"<p>\u201cAccidentally Occidental\u201d es un suave viaje downtempo, cargado de rica percusi\u00f3n latina y texturas atmosf\u00e9ricas. Con Guillermo Barros en la percusi\u00f3n en vivo, junto a Juan Carlos Sardaneta y Jorge Costa \u2014ambos compositores e int\u00e9rpretes\u2014, la pieza fluye con un groove envolvente y relajado. Combinando ritmos org\u00e1nicos con sutiles elementos electr\u00f3nicos, es una fusi\u00f3n tranquila pero compleja entre la tradici\u00f3n y la modernidad.<\/p>","protected":false},"featured_media":6285,"template":"","meta":[],"product_brand":[],"product_cat":[57,55,62],"product_tag":[],"class_list":{"0":"post-7140","1":"product","2":"type-product","3":"status-publish","4":"has-post-thumbnail","6":"product_cat-downtempo","7":"product_cat-latin","8":"product_cat-nu-jazz","10":"first","11":"instock","12":"downloadable","13":"shipping-taxable","14":"purchasable","15":"product-type-simple"},"yoast_head":"<!-- This site is optimized with the Yoast SEO plugin v27.2 - https:\/\/yoast.com\/product\/yoast-seo-wordpress\/ -->\n<title>Purchase Accidentally Occidental (feat. Juan Carlos Sardaneta,Jorge Costa, Guillermo Barron)<\/title>\n<meta name=\"robots\" content=\"index, follow, max-snippet:-1, max-image-preview:large, max-video-preview:-1\" \/>\n<link rel=\"canonical\" href=\"https:\/\/renewalmusiccollective.com\/es\/producto\/accidentallyoccidental\/\" \/>\n<meta property=\"og:locale\" content=\"es_MX\" \/>\n<meta property=\"og:type\" content=\"article\" \/>\n<meta property=\"og:title\" content=\"Purchase Accidentally Occidental (feat. Juan Carlos Sardaneta,Jorge Costa, Guillermo Barron)\" \/>\n<meta property=\"og:description\" content=\"&quot;Accidentally Occidental\u201d is a smooth downtempo journey layered with rich Latin percussion and atmospheric textures. Featuring Guillermo Barros on live percussion, alongside Juan Carlos Sardeneta and Jorge Costa\u2014 both composers and performers \u2014the piece flows with a chill, immersive groove. Blending organic rhythm with subtle electronic elements, it\u2019s a relaxed yet intricate fusion of tradition and modernity.\" \/>\n<meta property=\"og:url\" content=\"https:\/\/renewalmusiccollective.com\/es\/producto\/accidentallyoccidental\/\" \/>\n<meta property=\"og:site_name\" content=\"Renewal Music Collective\" \/>\n<meta property=\"article:publisher\" content=\"https:\/\/www.facebook.com\/renewalmusiccollective\" \/>\n<meta property=\"article:modified_time\" content=\"2025-04-11T00:58:03+00:00\" \/>\n<meta property=\"og:image\" content=\"https:\/\/renewalmusiccollective.com\/wp-content\/uploads\/2016\/10\/Accidentally-Cover.jpg\" \/>\n\t<meta property=\"og:image:width\" content=\"1000\" \/>\n\t<meta property=\"og:image:height\" content=\"1000\" \/>\n\t<meta property=\"og:image:type\" content=\"image\/jpeg\" \/>\n<meta name=\"twitter:card\" content=\"summary_large_image\" \/>\n<script type=\"application\/ld+json\" class=\"yoast-schema-graph\">{\"@context\":\"https:\/\/schema.org\",\"@graph\":[{\"@type\":\"WebPage\",\"@id\":\"https:\/\/renewalmusiccollective.com\/es\/producto\/accidentallyoccidental\/\",\"url\":\"https:\/\/renewalmusiccollective.com\/es\/producto\/accidentallyoccidental\/\",\"name\":\"Purchase Accidentally Occidental (feat. Juan Carlos Sardaneta,Jorge Costa, Guillermo Barron)\",\"isPartOf\":{\"@id\":\"https:\/\/renewalmusiccollective.com\/en\/#website\"},\"primaryImageOfPage\":{\"@id\":\"https:\/\/renewalmusiccollective.com\/es\/producto\/accidentallyoccidental\/#primaryimage\"},\"image\":{\"@id\":\"https:\/\/renewalmusiccollective.com\/es\/producto\/accidentallyoccidental\/#primaryimage\"},\"thumbnailUrl\":\"https:\/\/renewalmusiccollective.com\/wp-content\/uploads\/2016\/10\/Accidentally-Cover.jpg\",\"datePublished\":\"2023-06-22T20:21:05+00:00\",\"dateModified\":\"2025-04-11T00:58:03+00:00\",\"breadcrumb\":{\"@id\":\"https:\/\/renewalmusiccollective.com\/es\/producto\/accidentallyoccidental\/#breadcrumb\"},\"inLanguage\":\"es\",\"potentialAction\":[{\"@type\":\"ReadAction\",\"target\":[\"https:\/\/renewalmusiccollective.com\/es\/producto\/accidentallyoccidental\/\"]}]},{\"@type\":\"ImageObject\",\"inLanguage\":\"es\",\"@id\":\"https:\/\/renewalmusiccollective.com\/es\/producto\/accidentallyoccidental\/#primaryimage\",\"url\":\"https:\/\/renewalmusiccollective.com\/wp-content\/uploads\/2016\/10\/Accidentally-Cover.jpg\",\"contentUrl\":\"https:\/\/renewalmusiccollective.com\/wp-content\/uploads\/2016\/10\/Accidentally-Cover.jpg\",\"width\":1000,\"height\":1000},{\"@type\":\"BreadcrumbList\",\"@id\":\"https:\/\/renewalmusiccollective.com\/es\/producto\/accidentallyoccidental\/#breadcrumb\",\"itemListElement\":[{\"@type\":\"ListItem\",\"position\":1,\"name\":\"Home\",\"item\":\"https:\/\/renewalmusiccollective.com\/en\/\"},{\"@type\":\"ListItem\",\"position\":2,\"name\":\"Shop\",\"item\":\"https:\/\/renewalmusiccollective.com\/es\/shop\/\"},{\"@type\":\"ListItem\",\"position\":3,\"name\":\"Accidentally Occidental (feat. Juan Carlos Sardaneta,Jorge Costa, Guillermo Barron)\"}]},{\"@type\":\"WebSite\",\"@id\":\"https:\/\/renewalmusiccollective.com\/en\/#website\",\"url\":\"https:\/\/renewalmusiccollective.com\/en\/\",\"name\":\"Renewal Music Collective\",\"description\":\"Downtempo, Jazz, Nu-Jazz, World Music Collective.\",\"publisher\":{\"@id\":\"https:\/\/renewalmusiccollective.com\/en\/#organization\"},\"potentialAction\":[{\"@type\":\"SearchAction\",\"target\":{\"@type\":\"EntryPoint\",\"urlTemplate\":\"https:\/\/renewalmusiccollective.com\/en\/?s={search_term_string}\"},\"query-input\":{\"@type\":\"PropertyValueSpecification\",\"valueRequired\":true,\"valueName\":\"search_term_string\"}}],\"inLanguage\":\"es\"},{\"@type\":\"Organization\",\"@id\":\"https:\/\/renewalmusiccollective.com\/en\/#organization\",\"name\":\"Renewal Music Collective\",\"url\":\"https:\/\/renewalmusiccollective.com\/en\/\",\"logo\":{\"@type\":\"ImageObject\",\"inLanguage\":\"es\",\"@id\":\"https:\/\/renewalmusiccollective.com\/en\/#\/schema\/logo\/image\/\",\"url\":\"https:\/\/renewalmusiccollective.com\/wp-content\/uploads\/2025\/04\/logo.png\",\"contentUrl\":\"https:\/\/renewalmusiccollective.com\/wp-content\/uploads\/2025\/04\/logo.png\",\"width\":770,\"height\":290,\"caption\":\"Renewal Music Collective\"},\"image\":{\"@id\":\"https:\/\/renewalmusiccollective.com\/en\/#\/schema\/logo\/image\/\"},\"sameAs\":[\"https:\/\/www.facebook.com\/renewalmusiccollective\",\"https:\/\/www.instagram.com\/renewalmusiccollective\",\"https:\/\/youtube.com\/@renewalmusiccollective\"]}]}<\/script>\n<!-- \/ Yoast SEO plugin. -->","yoast_head_json":{"title":"Purchase Accidentally Occidental (feat. Juan Carlos Sardaneta,Jorge Costa, Guillermo Barron)","robots":{"index":"index","follow":"follow","max-snippet":"max-snippet:-1","max-image-preview":"max-image-preview:large","max-video-preview":"max-video-preview:-1"},"canonical":"https:\/\/renewalmusiccollective.com\/es\/producto\/accidentallyoccidental\/","og_locale":"es_MX","og_type":"article","og_title":"Purchase Accidentally Occidental (feat. Juan Carlos Sardaneta,Jorge Costa, Guillermo Barron)","og_description":"\"Accidentally Occidental\u201d is a smooth downtempo journey layered with rich Latin percussion and atmospheric textures. Featuring Guillermo Barros on live percussion, alongside Juan Carlos Sardeneta and Jorge Costa\u2014 both composers and performers \u2014the piece flows with a chill, immersive groove. Blending organic rhythm with subtle electronic elements, it\u2019s a relaxed yet intricate fusion of tradition and modernity.","og_url":"https:\/\/renewalmusiccollective.com\/es\/producto\/accidentallyoccidental\/","og_site_name":"Renewal Music Collective","article_publisher":"https:\/\/www.facebook.com\/renewalmusiccollective","article_modified_time":"2025-04-11T00:58:03+00:00","og_image":[{"width":1000,"height":1000,"url":"https:\/\/renewalmusiccollective.com\/wp-content\/uploads\/2016\/10\/Accidentally-Cover.jpg","type":"image\/jpeg"}],"twitter_card":"summary_large_image","schema":{"@context":"https:\/\/schema.org","@graph":[{"@type":"WebPage","@id":"https:\/\/renewalmusiccollective.com\/es\/producto\/accidentallyoccidental\/","url":"https:\/\/renewalmusiccollective.com\/es\/producto\/accidentallyoccidental\/","name":"Purchase Accidentally Occidental (feat. Juan Carlos Sardaneta,Jorge Costa, Guillermo Barron)","isPartOf":{"@id":"https:\/\/renewalmusiccollective.com\/en\/#website"},"primaryImageOfPage":{"@id":"https:\/\/renewalmusiccollective.com\/es\/producto\/accidentallyoccidental\/#primaryimage"},"image":{"@id":"https:\/\/renewalmusiccollective.com\/es\/producto\/accidentallyoccidental\/#primaryimage"},"thumbnailUrl":"https:\/\/renewalmusiccollective.com\/wp-content\/uploads\/2016\/10\/Accidentally-Cover.jpg","datePublished":"2023-06-22T20:21:05+00:00","dateModified":"2025-04-11T00:58:03+00:00","breadcrumb":{"@id":"https:\/\/renewalmusiccollective.com\/es\/producto\/accidentallyoccidental\/#breadcrumb"},"inLanguage":"es","potentialAction":[{"@type":"ReadAction","target":["https:\/\/renewalmusiccollective.com\/es\/producto\/accidentallyoccidental\/"]}]},{"@type":"ImageObject","inLanguage":"es","@id":"https:\/\/renewalmusiccollective.com\/es\/producto\/accidentallyoccidental\/#primaryimage","url":"https:\/\/renewalmusiccollective.com\/wp-content\/uploads\/2016\/10\/Accidentally-Cover.jpg","contentUrl":"https:\/\/renewalmusiccollective.com\/wp-content\/uploads\/2016\/10\/Accidentally-Cover.jpg","width":1000,"height":1000},{"@type":"BreadcrumbList","@id":"https:\/\/renewalmusiccollective.com\/es\/producto\/accidentallyoccidental\/#breadcrumb","itemListElement":[{"@type":"ListItem","position":1,"name":"Home","item":"https:\/\/renewalmusiccollective.com\/en\/"},{"@type":"ListItem","position":2,"name":"Shop","item":"https:\/\/renewalmusiccollective.com\/es\/shop\/"},{"@type":"ListItem","position":3,"name":"Accidentally Occidental (feat. Juan Carlos Sardaneta,Jorge Costa, Guillermo Barron)"}]},{"@type":"WebSite","@id":"https:\/\/renewalmusiccollective.com\/en\/#website","url":"https:\/\/renewalmusiccollective.com\/en\/","name":"Renewal Music Collective","description":"Downtempo, Jazz, Nu-Jazz, World Music Collective.","publisher":{"@id":"https:\/\/renewalmusiccollective.com\/en\/#organization"},"potentialAction":[{"@type":"SearchAction","target":{"@type":"EntryPoint","urlTemplate":"https:\/\/renewalmusiccollective.com\/en\/?s={search_term_string}"},"query-input":{"@type":"PropertyValueSpecification","valueRequired":true,"valueName":"search_term_string"}}],"inLanguage":"es"},{"@type":"Organization","@id":"https:\/\/renewalmusiccollective.com\/en\/#organization","name":"Renewal Music Collective","url":"https:\/\/renewalmusiccollective.com\/en\/","logo":{"@type":"ImageObject","inLanguage":"es","@id":"https:\/\/renewalmusiccollective.com\/en\/#\/schema\/logo\/image\/","url":"https:\/\/renewalmusiccollective.com\/wp-content\/uploads\/2025\/04\/logo.png","contentUrl":"https:\/\/renewalmusiccollective.com\/wp-content\/uploads\/2025\/04\/logo.png","width":770,"height":290,"caption":"Renewal Music Collective"},"image":{"@id":"https:\/\/renewalmusiccollective.com\/en\/#\/schema\/logo\/image\/"},"sameAs":["https:\/\/www.facebook.com\/renewalmusiccollective","https:\/\/www.instagram.com\/renewalmusiccollective","https:\/\/youtube.com\/@renewalmusiccollective"]}]}},"acf":[],"_links":{"self":[{"href":"https:\/\/renewalmusiccollective.com\/es\/wp-json\/wp\/v2\/product\/7140","targetHints":{"allow":["GET"]}}],"collection":[{"href":"https:\/\/renewalmusiccollective.com\/es\/wp-json\/wp\/v2\/product"}],"about":[{"href":"https:\/\/renewalmusiccollective.com\/es\/wp-json\/wp\/v2\/types\/product"}],"version-history":[{"count":2,"href":"https:\/\/renewalmusiccollective.com\/es\/wp-json\/wp\/v2\/product\/7140\/revisions"}],"predecessor-version":[{"id":7200,"href":"https:\/\/renewalmusiccollective.com\/es\/wp-json\/wp\/v2\/product\/7140\/revisions\/7200"}],"wp:featuredmedia":[{"embeddable":true,"href":"https:\/\/renewalmusiccollective.com\/es\/wp-json\/wp\/v2\/media\/6285"}],"wp:attachment":[{"href":"https:\/\/renewalmusiccollective.com\/es\/wp-json\/wp\/v2\/media?parent=7140"}],"wp:term":[{"taxonomy":"product_brand","embeddable":true,"href":"https:\/\/renewalmusiccollective.com\/es\/wp-json\/wp\/v2\/product_brand?post=7140"},{"taxonomy":"product_cat","embeddable":true,"href":"https:\/\/renewalmusiccollective.com\/es\/wp-json\/wp\/v2\/product_cat?post=7140"},{"taxonomy":"product_tag","embeddable":true,"href":"https:\/\/renewalmusiccollective.com\/es\/wp-json\/wp\/v2\/product_tag?post=7140"}],"curies":[{"name":"wp","href":"https:\/\/api.w.org\/{rel}","templated":true}]}}