{"id":7120,"date":"2024-06-20T12:00:55","date_gmt":"2024-06-20T18:00:55","guid":{"rendered":"https:\/\/renewalmusiccollective.com\/?post_type=product&#038;p=7120"},"modified":"2025-04-10T18:57:18","modified_gmt":"2025-04-11T00:57:18","slug":"grita","status":"publish","type":"product","link":"https:\/\/renewalmusiccollective.com\/es\/producto\/grita\/","title":{"rendered":"Grita (feat. Aymena, Juan Carlos Sardaneta &#038; Jorge Costa)"},"content":{"rendered":"","protected":false},"excerpt":{"rendered":"<h3>Pop latino moderno, con mucho coraz\u00f3n<\/h3>\n<p>Con la deslumbrante voz de Aymena, este tema fusiona el soul latino con texturas suaves de jazz, creando una atm\u00f3sfera musical sensual y poderosa. Llena de emoci\u00f3n y elegancia, la canci\u00f3n fluye sin esfuerzo entre la tradici\u00f3n y la modernidad, anclada en melod\u00edas atemporales y una voz que cautiva desde la primera nota. Una propuesta fresca del pop latino, ideal para quienes aman la profundidad, el groove y el soul.<\/p>","protected":false},"featured_media":6288,"template":"","meta":[],"product_brand":[],"product_cat":[60,61,55,63],"product_tag":[],"class_list":{"0":"post-7120","1":"product","2":"type-product","3":"status-publish","4":"has-post-thumbnail","6":"product_cat-indie","7":"product_cat-jazz","8":"product_cat-latin","9":"product_cat-pop","11":"first","12":"instock","13":"downloadable","14":"shipping-taxable","15":"purchasable","16":"product-type-simple"},"yoast_head":"<!-- This site is optimized with the Yoast SEO plugin v27.2 - https:\/\/yoast.com\/product\/yoast-seo-wordpress\/ -->\n<title>Purchase Grita (feat. Aymena, Juan Carlos Sardaneta &amp; Jorge Costa)<\/title>\n<meta name=\"robots\" content=\"index, follow, max-snippet:-1, max-image-preview:large, max-video-preview:-1\" \/>\n<link rel=\"canonical\" href=\"https:\/\/renewalmusiccollective.com\/es\/producto\/grita\/\" \/>\n<meta property=\"og:locale\" content=\"es_MX\" \/>\n<meta property=\"og:type\" content=\"article\" \/>\n<meta property=\"og:title\" content=\"Purchase Grita (feat. Aymena, Juan Carlos Sardaneta &amp; Jorge Costa)\" \/>\n<meta property=\"og:description\" content=\"This is modern Latin pop with heart. Featuring the stunning vocals of Aymena, this track blends Latin soul with smooth jazz textures, creating a sensual yet powerful musical atmosphere. Rich in emotion and elegance, it flows effortlessly between tradition and modernity\u2014anchored by timeless melodies and a voice that captivates from the first note. A fresh take on Latin pop, perfect for lovers of depth, groove, and soul.\" \/>\n<meta property=\"og:url\" content=\"https:\/\/renewalmusiccollective.com\/es\/producto\/grita\/\" \/>\n<meta property=\"og:site_name\" content=\"Renewal Music Collective\" \/>\n<meta property=\"article:publisher\" content=\"https:\/\/www.facebook.com\/renewalmusiccollective\" \/>\n<meta property=\"article:modified_time\" content=\"2025-04-11T00:57:18+00:00\" \/>\n<meta property=\"og:image\" content=\"https:\/\/renewalmusiccollective.com\/wp-content\/uploads\/2016\/10\/Grita_Final.png\" \/>\n\t<meta property=\"og:image:width\" content=\"1000\" \/>\n\t<meta property=\"og:image:height\" content=\"1000\" \/>\n\t<meta property=\"og:image:type\" content=\"image\/png\" \/>\n<meta name=\"twitter:card\" content=\"summary_large_image\" \/>\n<script type=\"application\/ld+json\" class=\"yoast-schema-graph\">{\"@context\":\"https:\/\/schema.org\",\"@graph\":[{\"@type\":\"WebPage\",\"@id\":\"https:\/\/renewalmusiccollective.com\/product\/grita\/\",\"url\":\"https:\/\/renewalmusiccollective.com\/product\/grita\/\",\"name\":\"Purchase Grita (feat. Aymena, Juan Carlos Sardaneta & Jorge Costa)\",\"isPartOf\":{\"@id\":\"https:\/\/renewalmusiccollective.com\/en\/#website\"},\"primaryImageOfPage\":{\"@id\":\"https:\/\/renewalmusiccollective.com\/product\/grita\/#primaryimage\"},\"image\":{\"@id\":\"https:\/\/renewalmusiccollective.com\/product\/grita\/#primaryimage\"},\"thumbnailUrl\":\"https:\/\/renewalmusiccollective.com\/wp-content\/uploads\/2016\/10\/Grita_Final.png\",\"datePublished\":\"2024-06-20T18:00:55+00:00\",\"dateModified\":\"2025-04-11T00:57:18+00:00\",\"breadcrumb\":{\"@id\":\"https:\/\/renewalmusiccollective.com\/product\/grita\/#breadcrumb\"},\"inLanguage\":\"es\",\"potentialAction\":[{\"@type\":\"ReadAction\",\"target\":[\"https:\/\/renewalmusiccollective.com\/product\/grita\/\"]}]},{\"@type\":\"ImageObject\",\"inLanguage\":\"es\",\"@id\":\"https:\/\/renewalmusiccollective.com\/product\/grita\/#primaryimage\",\"url\":\"https:\/\/renewalmusiccollective.com\/wp-content\/uploads\/2016\/10\/Grita_Final.png\",\"contentUrl\":\"https:\/\/renewalmusiccollective.com\/wp-content\/uploads\/2016\/10\/Grita_Final.png\",\"width\":1000,\"height\":1000},{\"@type\":\"BreadcrumbList\",\"@id\":\"https:\/\/renewalmusiccollective.com\/product\/grita\/#breadcrumb\",\"itemListElement\":[{\"@type\":\"ListItem\",\"position\":1,\"name\":\"Home\",\"item\":\"https:\/\/renewalmusiccollective.com\/en\/\"},{\"@type\":\"ListItem\",\"position\":2,\"name\":\"Shop\",\"item\":\"https:\/\/renewalmusiccollective.com\/es\/shop\/\"},{\"@type\":\"ListItem\",\"position\":3,\"name\":\"Grita (feat. Aymena, Juan Carlos Sardaneta &#038; Jorge Costa)\"}]},{\"@type\":\"WebSite\",\"@id\":\"https:\/\/renewalmusiccollective.com\/en\/#website\",\"url\":\"https:\/\/renewalmusiccollective.com\/en\/\",\"name\":\"Renewal Music Collective\",\"description\":\"Downtempo, Jazz, Nu-Jazz, World Music Collective.\",\"publisher\":{\"@id\":\"https:\/\/renewalmusiccollective.com\/en\/#organization\"},\"potentialAction\":[{\"@type\":\"SearchAction\",\"target\":{\"@type\":\"EntryPoint\",\"urlTemplate\":\"https:\/\/renewalmusiccollective.com\/en\/?s={search_term_string}\"},\"query-input\":{\"@type\":\"PropertyValueSpecification\",\"valueRequired\":true,\"valueName\":\"search_term_string\"}}],\"inLanguage\":\"es\"},{\"@type\":\"Organization\",\"@id\":\"https:\/\/renewalmusiccollective.com\/en\/#organization\",\"name\":\"Renewal Music Collective\",\"url\":\"https:\/\/renewalmusiccollective.com\/en\/\",\"logo\":{\"@type\":\"ImageObject\",\"inLanguage\":\"es\",\"@id\":\"https:\/\/renewalmusiccollective.com\/en\/#\/schema\/logo\/image\/\",\"url\":\"https:\/\/renewalmusiccollective.com\/wp-content\/uploads\/2025\/04\/logo.png\",\"contentUrl\":\"https:\/\/renewalmusiccollective.com\/wp-content\/uploads\/2025\/04\/logo.png\",\"width\":770,\"height\":290,\"caption\":\"Renewal Music Collective\"},\"image\":{\"@id\":\"https:\/\/renewalmusiccollective.com\/en\/#\/schema\/logo\/image\/\"},\"sameAs\":[\"https:\/\/www.facebook.com\/renewalmusiccollective\",\"https:\/\/www.instagram.com\/renewalmusiccollective\",\"https:\/\/youtube.com\/@renewalmusiccollective\"]}]}<\/script>\n<!-- \/ Yoast SEO plugin. -->","yoast_head_json":{"title":"Purchase Grita (feat. Aymena, Juan Carlos Sardaneta & Jorge Costa)","robots":{"index":"index","follow":"follow","max-snippet":"max-snippet:-1","max-image-preview":"max-image-preview:large","max-video-preview":"max-video-preview:-1"},"canonical":"https:\/\/renewalmusiccollective.com\/es\/producto\/grita\/","og_locale":"es_MX","og_type":"article","og_title":"Purchase Grita (feat. Aymena, Juan Carlos Sardaneta & Jorge Costa)","og_description":"This is modern Latin pop with heart. Featuring the stunning vocals of Aymena, this track blends Latin soul with smooth jazz textures, creating a sensual yet powerful musical atmosphere. Rich in emotion and elegance, it flows effortlessly between tradition and modernity\u2014anchored by timeless melodies and a voice that captivates from the first note. A fresh take on Latin pop, perfect for lovers of depth, groove, and soul.","og_url":"https:\/\/renewalmusiccollective.com\/es\/producto\/grita\/","og_site_name":"Renewal Music Collective","article_publisher":"https:\/\/www.facebook.com\/renewalmusiccollective","article_modified_time":"2025-04-11T00:57:18+00:00","og_image":[{"width":1000,"height":1000,"url":"https:\/\/renewalmusiccollective.com\/wp-content\/uploads\/2016\/10\/Grita_Final.png","type":"image\/png"}],"twitter_card":"summary_large_image","schema":{"@context":"https:\/\/schema.org","@graph":[{"@type":"WebPage","@id":"https:\/\/renewalmusiccollective.com\/product\/grita\/","url":"https:\/\/renewalmusiccollective.com\/product\/grita\/","name":"Purchase Grita (feat. Aymena, Juan Carlos Sardaneta & Jorge Costa)","isPartOf":{"@id":"https:\/\/renewalmusiccollective.com\/en\/#website"},"primaryImageOfPage":{"@id":"https:\/\/renewalmusiccollective.com\/product\/grita\/#primaryimage"},"image":{"@id":"https:\/\/renewalmusiccollective.com\/product\/grita\/#primaryimage"},"thumbnailUrl":"https:\/\/renewalmusiccollective.com\/wp-content\/uploads\/2016\/10\/Grita_Final.png","datePublished":"2024-06-20T18:00:55+00:00","dateModified":"2025-04-11T00:57:18+00:00","breadcrumb":{"@id":"https:\/\/renewalmusiccollective.com\/product\/grita\/#breadcrumb"},"inLanguage":"es","potentialAction":[{"@type":"ReadAction","target":["https:\/\/renewalmusiccollective.com\/product\/grita\/"]}]},{"@type":"ImageObject","inLanguage":"es","@id":"https:\/\/renewalmusiccollective.com\/product\/grita\/#primaryimage","url":"https:\/\/renewalmusiccollective.com\/wp-content\/uploads\/2016\/10\/Grita_Final.png","contentUrl":"https:\/\/renewalmusiccollective.com\/wp-content\/uploads\/2016\/10\/Grita_Final.png","width":1000,"height":1000},{"@type":"BreadcrumbList","@id":"https:\/\/renewalmusiccollective.com\/product\/grita\/#breadcrumb","itemListElement":[{"@type":"ListItem","position":1,"name":"Home","item":"https:\/\/renewalmusiccollective.com\/en\/"},{"@type":"ListItem","position":2,"name":"Shop","item":"https:\/\/renewalmusiccollective.com\/es\/shop\/"},{"@type":"ListItem","position":3,"name":"Grita (feat. Aymena, Juan Carlos Sardaneta &#038; Jorge Costa)"}]},{"@type":"WebSite","@id":"https:\/\/renewalmusiccollective.com\/en\/#website","url":"https:\/\/renewalmusiccollective.com\/en\/","name":"Renewal Music Collective","description":"Downtempo, Jazz, Nu-Jazz, World Music Collective.","publisher":{"@id":"https:\/\/renewalmusiccollective.com\/en\/#organization"},"potentialAction":[{"@type":"SearchAction","target":{"@type":"EntryPoint","urlTemplate":"https:\/\/renewalmusiccollective.com\/en\/?s={search_term_string}"},"query-input":{"@type":"PropertyValueSpecification","valueRequired":true,"valueName":"search_term_string"}}],"inLanguage":"es"},{"@type":"Organization","@id":"https:\/\/renewalmusiccollective.com\/en\/#organization","name":"Renewal Music Collective","url":"https:\/\/renewalmusiccollective.com\/en\/","logo":{"@type":"ImageObject","inLanguage":"es","@id":"https:\/\/renewalmusiccollective.com\/en\/#\/schema\/logo\/image\/","url":"https:\/\/renewalmusiccollective.com\/wp-content\/uploads\/2025\/04\/logo.png","contentUrl":"https:\/\/renewalmusiccollective.com\/wp-content\/uploads\/2025\/04\/logo.png","width":770,"height":290,"caption":"Renewal Music Collective"},"image":{"@id":"https:\/\/renewalmusiccollective.com\/en\/#\/schema\/logo\/image\/"},"sameAs":["https:\/\/www.facebook.com\/renewalmusiccollective","https:\/\/www.instagram.com\/renewalmusiccollective","https:\/\/youtube.com\/@renewalmusiccollective"]}]}},"acf":[],"_links":{"self":[{"href":"https:\/\/renewalmusiccollective.com\/es\/wp-json\/wp\/v2\/product\/7120","targetHints":{"allow":["GET"]}}],"collection":[{"href":"https:\/\/renewalmusiccollective.com\/es\/wp-json\/wp\/v2\/product"}],"about":[{"href":"https:\/\/renewalmusiccollective.com\/es\/wp-json\/wp\/v2\/types\/product"}],"version-history":[{"count":4,"href":"https:\/\/renewalmusiccollective.com\/es\/wp-json\/wp\/v2\/product\/7120\/revisions"}],"predecessor-version":[{"id":7199,"href":"https:\/\/renewalmusiccollective.com\/es\/wp-json\/wp\/v2\/product\/7120\/revisions\/7199"}],"wp:featuredmedia":[{"embeddable":true,"href":"https:\/\/renewalmusiccollective.com\/es\/wp-json\/wp\/v2\/media\/6288"}],"wp:attachment":[{"href":"https:\/\/renewalmusiccollective.com\/es\/wp-json\/wp\/v2\/media?parent=7120"}],"wp:term":[{"taxonomy":"product_brand","embeddable":true,"href":"https:\/\/renewalmusiccollective.com\/es\/wp-json\/wp\/v2\/product_brand?post=7120"},{"taxonomy":"product_cat","embeddable":true,"href":"https:\/\/renewalmusiccollective.com\/es\/wp-json\/wp\/v2\/product_cat?post=7120"},{"taxonomy":"product_tag","embeddable":true,"href":"https:\/\/renewalmusiccollective.com\/es\/wp-json\/wp\/v2\/product_tag?post=7120"}],"curies":[{"name":"wp","href":"https:\/\/api.w.org\/{rel}","templated":true}]}}