{"id":1986,"date":"2025-04-10T12:00:29","date_gmt":"2025-04-10T18:00:29","guid":{"rendered":"https:\/\/renewalmusiccollective.com\/?post_type=product&#038;p=1986"},"modified":"2025-05-07T13:51:10","modified_gmt":"2025-05-07T19:51:10","slug":"selvamaya","status":"publish","type":"product","link":"https:\/\/renewalmusiccollective.com\/es\/producto\/selvamaya\/","title":{"rendered":"Selva Maya (ft. LA2C, MSW, Angel Poot &#038; Rom\u00e1n Dzul) | SINGLE"},"content":{"rendered":"","protected":false},"excerpt":{"rendered":"<p>Vive la fusi\u00f3n de los ritmos mayas ancestrales y los sonidos contempor\u00e1neos en \u201cSelva Maya\u201d, el m\u00e1s reciente lanzamiento de Renewal Music Collective. Con la participaci\u00f3n de MSW, LA2C, Angel Poot y Rom\u00e1n Dzul, este tema te lleva en un viaje sonoro al coraz\u00f3n de la selva.<\/p>\n<p>\u201cSelva Maya\u201d es un homenaje al rico legado de la Pen\u00ednsula de Yucat\u00e1n, combinando instrumentos tradicionales como el tunkul y las ocarinas con beats modernos. Grabado entre Bolonch\u00e9n, Espita y Phoenix, el tema refleja el esfuerzo colaborativo de artistas comprometidos con preservar e innovar las tradiciones musicales mayas.<\/p>\n<p>Creditos:<\/p>\n<p>*Escrita by:* Jorge Costa, Juan Carlos Sardaneta, MSW, LA2C, Angel Poot &amp; Rom\u00e1n Dzul<br \/>\n*Producida por:* Jorge Costa, Juan Carlos Sardaneta &amp; Angel Poot<br \/>\nArreglada y programada por: Jorge Costa, Juan Carlos Sardaneta<br \/>\nMasterizaci\u00f3n: Erick Urbina @ Reso Mastering<br \/>\nMezcla: Jorge Costa @ Alebrije Studios<br \/>\nGrabaci\u00f3n: Jorge Costa, Angel Poot, MSW, LA2C en Bolonch\u00e9n, Espita y Phoenix<br \/>\nCoordinaci\u00f3n de producci\u00f3n: Fernando Santandreu<br \/>\nDise\u00f1o y edici\u00f3n de video: Max Bernstein &amp; Rafael Trabolsi<br \/>\nMaterial visual: MSW, LA2C, Angel Poot, Jorge Costa, Juan Carlos Sardaneta<br \/>\nDise\u00f1o de portada: Rafael Trabolsi, Juan Carlos Sardaneta<br \/>\nFotograf\u00eda de portada: Jorge Costa<\/p>\n<p>Instrumentalists:<\/p>\n<p>LA2C: Voz principal &amp; rap<br \/>\nMSW: Voz principal &amp; rap<br \/>\nRom\u00e1n Dzul: Narraci\u00f3n, caracol mediano<br \/>\nAngel Poot: Zacat\u00e1n, Tun Ja<br \/>\nNieves: Tunkul mediano, caracol grande<br \/>\nAngel Sax: Ocarinas, caracol peque\u00f1o<br \/>\nTrejo M: Palo de lluvia, sonajas mayas<br \/>\nTrejo M: Palo de lluvia, sonajas mayas<br \/>\nJuan Carlos Sardaneta: Bajo el\u00e9ctrico, teclados<br \/>\nJorge Costa: Armon\u00edas, coros, guitarra el\u00e9ctrica, teclados, bajo el\u00e9ctrico<\/p>\n<p>Agradecimientos especiales:<br \/>\nGuido Arcella Diez y Fernando Santandreu Guerrero de Suut Cultural Experiences<br \/>\nFundaci\u00f3n Haciendas del Mundo Maya<\/p>\n<p>Press Kit:\u00a0<a title=\"https:\/\/renewalmusiccollective.com\/se\" href=\"https:\/\/gate.sc\/?url=https%3A%2F%2Frenewalmusiccollective.com%2Fse&amp;token=a63282-1-1746647437160\" target=\"_blank\" rel=\"nofollow noopener ugc\">renewalmusiccollective.com\/se<\/a>&#8230;<br \/>\nWebsite:\u00a0<a title=\"https:\/\/renewalmusiccollective.com\" href=\"https:\/\/gate.sc\/?url=https%3A%2F%2Frenewalmusiccollective.com&amp;token=c7ee64-1-1746647437160\" target=\"_blank\" rel=\"nofollow noopener ugc\">renewalmusiccollective.com<\/a><br \/>\nS\u00edguenos:<br \/>\n<a title=\"http:\/\/Instagram.com\/renewalmusiccollective\" href=\"https:\/\/gate.sc\/?url=http%3A%2F%2FInstagram.com%2Frenewalmusiccollective&amp;token=6fa231-1-1746647437160\" target=\"_blank\" rel=\"nofollow noopener ugc\">Instagram.com\/renewalmusiccollective<\/a><br \/>\n<a title=\"http:\/\/Facebook.com\/renewalmusiccollective\" href=\"https:\/\/gate.sc\/?url=http%3A%2F%2FFacebook.com%2Frenewalmusiccollective&amp;token=9045d1-1-1746647437160\" target=\"_blank\" rel=\"nofollow noopener ugc\">Facebook.com\/renewalmusiccollective<\/a><\/p>","protected":false},"featured_media":7116,"template":"","meta":[],"product_brand":[],"product_cat":[39,60,55,40],"product_tag":[],"class_list":{"0":"post-1986","1":"product","2":"type-product","3":"status-publish","4":"has-post-thumbnail","6":"product_cat-hip-hop","7":"product_cat-indie","8":"product_cat-latin","9":"product_cat-rap","11":"first","12":"instock","13":"downloadable","14":"shipping-taxable","15":"purchasable","16":"product-type-simple"},"yoast_head":"<!-- This site is optimized with the Yoast SEO plugin v27.2 - https:\/\/yoast.com\/product\/yoast-seo-wordpress\/ -->\n<title>Purchase Selva Maya (ft. LA2C, MSW, Angel Poot &amp; Rom\u00e1n Dzul) | SINGLE<\/title>\n<meta name=\"robots\" content=\"index, follow, max-snippet:-1, max-image-preview:large, max-video-preview:-1\" \/>\n<link rel=\"canonical\" href=\"https:\/\/renewalmusiccollective.com\/es\/producto\/selvamaya\/\" \/>\n<meta property=\"og:locale\" content=\"es_MX\" \/>\n<meta property=\"og:type\" content=\"article\" \/>\n<meta property=\"og:title\" content=\"Purchase Selva Maya (ft. LA2C, MSW, Angel Poot &amp; Rom\u00e1n Dzul) | SINGLE\" \/>\n<meta property=\"og:description\" content=\"Experience the fusion of ancient Mayan rhythms and contemporary sounds in &quot;Selva Maya,&quot; the latest release from Renewal Music Collective. Featuring MSW, LA2C, Angel Poot, and Rom\u00e1n Dzul, this track takes you on a sonic journey through the heart of the jungle.  &quot;Selva Maya&quot; is a tribute to the rich heritage of the Yucat\u00e1n Peninsula, blending traditional instruments like the tunkul and ocarinas with modern beats. Recorded across Bolonch\u00e9n, Espita, and Phoenix, the track showcases the collaborative efforts of talented artists dedicated to preserving and innovating Mayan music traditions.  Credits:  *Written by:* Jorge Costa, Juan Carlos Sardaneta, MSW, LA2C, Angel Poot &amp; Rom\u00e1n Dzul *Produced by:* Jorge Costa, Juan Carlos Sardaneta &amp; Angel Poot *Arranged &amp; Programmed by:* Jorge Costa, Juan Carlos Sardaneta *Mastered by:* Erick Urbina @ Reso Mastering *Mixed by:* Jorge Costa @ Alebrije Studios *Recorded by:* Jorge Costa, Angel Poot, MSW, LA2C in Bolonch\u00e9n, Espita &amp; Phoenix *Production Coordinator:* Fernando Santandreu *Video Design &amp; Editing:* Max Bernstein &amp; Rafael Trabolsi *Footage by:* MSW, LA2C, Angel Poot, Jorge Costa, Juan Carlos Sardaneta *Cover Art Design:* Rafael Trabolsi, Juan Carlos Sardaneta *Cover Art Photography:* Jorge Costa  Instrumentalists:  *LA2C:* Lead vocals &amp; rap *MSW:* Lead vocals &amp; rap *Rom\u00e1n Dzul:* Narration, medium conch shell *Angel Poot:* Zacat\u00e1n, Tun Ja *Nieves:* Medium tunkul, large conch shell *Angel Sax:* Ocarinas, small conch shell *Trejo M:* Rain stick, Mayan rattles *Eduardo Nah:* Deep tunkul, turtle shell *Juan Carlos Sardaneta:* Electric bass, keyboards *Jorge Costa:* Harmonies, backing vocals, electric guitar, keyboards, electric bass  *Special Thanks:* Guido Arcella Diez and Fernando Santandreu Guerrero of Suut Cultural Experiences Haciendas of the Mayan World Foundation  Press Kit:\u00a0renewalmusiccollective.com\/se... Website:\u00a0renewalmusiccollective.com Follow us: Instagram.com\/renewalmusiccollective Facebook.com\/renewalmusiccollective\" \/>\n<meta property=\"og:url\" content=\"https:\/\/renewalmusiccollective.com\/es\/producto\/selvamaya\/\" \/>\n<meta property=\"og:site_name\" content=\"Renewal Music Collective\" \/>\n<meta property=\"article:publisher\" content=\"https:\/\/www.facebook.com\/renewalmusiccollective\" \/>\n<meta property=\"article:modified_time\" content=\"2025-05-07T19:51:10+00:00\" \/>\n<meta property=\"og:image\" content=\"https:\/\/renewalmusiccollective.com\/wp-content\/uploads\/2025\/04\/Arte-Selva.jpg\" \/>\n\t<meta property=\"og:image:width\" content=\"1000\" \/>\n\t<meta property=\"og:image:height\" content=\"1000\" \/>\n\t<meta property=\"og:image:type\" content=\"image\/jpeg\" \/>\n<meta name=\"twitter:card\" content=\"summary_large_image\" \/>\n<meta name=\"twitter:label1\" content=\"Tiempo de lectura\" \/>\n\t<meta name=\"twitter:data1\" content=\"1 minuto\" \/>\n<script type=\"application\/ld+json\" class=\"yoast-schema-graph\">{\"@context\":\"https:\/\/schema.org\",\"@graph\":[{\"@type\":\"WebPage\",\"@id\":\"https:\/\/renewalmusiccollective.com\/product\/selvamaya\/\",\"url\":\"https:\/\/renewalmusiccollective.com\/product\/selvamaya\/\",\"name\":\"Purchase Selva Maya (ft. LA2C, MSW, Angel Poot & Rom\u00e1n Dzul) | SINGLE\",\"isPartOf\":{\"@id\":\"https:\/\/renewalmusiccollective.com\/en\/#website\"},\"primaryImageOfPage\":{\"@id\":\"https:\/\/renewalmusiccollective.com\/product\/selvamaya\/#primaryimage\"},\"image\":{\"@id\":\"https:\/\/renewalmusiccollective.com\/product\/selvamaya\/#primaryimage\"},\"thumbnailUrl\":\"https:\/\/renewalmusiccollective.com\/wp-content\/uploads\/2025\/04\/Arte-Selva.jpg\",\"datePublished\":\"2025-04-10T18:00:29+00:00\",\"dateModified\":\"2025-05-07T19:51:10+00:00\",\"breadcrumb\":{\"@id\":\"https:\/\/renewalmusiccollective.com\/product\/selvamaya\/#breadcrumb\"},\"inLanguage\":\"es\",\"potentialAction\":[{\"@type\":\"ReadAction\",\"target\":[\"https:\/\/renewalmusiccollective.com\/product\/selvamaya\/\"]}]},{\"@type\":\"ImageObject\",\"inLanguage\":\"es\",\"@id\":\"https:\/\/renewalmusiccollective.com\/product\/selvamaya\/#primaryimage\",\"url\":\"https:\/\/renewalmusiccollective.com\/wp-content\/uploads\/2025\/04\/Arte-Selva.jpg\",\"contentUrl\":\"https:\/\/renewalmusiccollective.com\/wp-content\/uploads\/2025\/04\/Arte-Selva.jpg\",\"width\":1000,\"height\":1000},{\"@type\":\"BreadcrumbList\",\"@id\":\"https:\/\/renewalmusiccollective.com\/product\/selvamaya\/#breadcrumb\",\"itemListElement\":[{\"@type\":\"ListItem\",\"position\":1,\"name\":\"Home\",\"item\":\"https:\/\/renewalmusiccollective.com\/en\/\"},{\"@type\":\"ListItem\",\"position\":2,\"name\":\"Shop\",\"item\":\"https:\/\/renewalmusiccollective.com\/es\/shop\/\"},{\"@type\":\"ListItem\",\"position\":3,\"name\":\"Selva Maya (ft. LA2C, MSW, Angel Poot &#038; Rom\u00e1n Dzul) | SINGLE\"}]},{\"@type\":\"WebSite\",\"@id\":\"https:\/\/renewalmusiccollective.com\/en\/#website\",\"url\":\"https:\/\/renewalmusiccollective.com\/en\/\",\"name\":\"Renewal Music Collective\",\"description\":\"Downtempo, Jazz, Nu-Jazz, World Music Collective.\",\"publisher\":{\"@id\":\"https:\/\/renewalmusiccollective.com\/en\/#organization\"},\"potentialAction\":[{\"@type\":\"SearchAction\",\"target\":{\"@type\":\"EntryPoint\",\"urlTemplate\":\"https:\/\/renewalmusiccollective.com\/en\/?s={search_term_string}\"},\"query-input\":{\"@type\":\"PropertyValueSpecification\",\"valueRequired\":true,\"valueName\":\"search_term_string\"}}],\"inLanguage\":\"es\"},{\"@type\":\"Organization\",\"@id\":\"https:\/\/renewalmusiccollective.com\/en\/#organization\",\"name\":\"Renewal Music Collective\",\"url\":\"https:\/\/renewalmusiccollective.com\/en\/\",\"logo\":{\"@type\":\"ImageObject\",\"inLanguage\":\"es\",\"@id\":\"https:\/\/renewalmusiccollective.com\/en\/#\/schema\/logo\/image\/\",\"url\":\"https:\/\/renewalmusiccollective.com\/wp-content\/uploads\/2025\/04\/logo.png\",\"contentUrl\":\"https:\/\/renewalmusiccollective.com\/wp-content\/uploads\/2025\/04\/logo.png\",\"width\":770,\"height\":290,\"caption\":\"Renewal Music Collective\"},\"image\":{\"@id\":\"https:\/\/renewalmusiccollective.com\/en\/#\/schema\/logo\/image\/\"},\"sameAs\":[\"https:\/\/www.facebook.com\/renewalmusiccollective\",\"https:\/\/www.instagram.com\/renewalmusiccollective\",\"https:\/\/youtube.com\/@renewalmusiccollective\"]}]}<\/script>\n<!-- \/ Yoast SEO plugin. -->","yoast_head_json":{"title":"Purchase Selva Maya (ft. LA2C, MSW, Angel Poot & Rom\u00e1n Dzul) | SINGLE","robots":{"index":"index","follow":"follow","max-snippet":"max-snippet:-1","max-image-preview":"max-image-preview:large","max-video-preview":"max-video-preview:-1"},"canonical":"https:\/\/renewalmusiccollective.com\/es\/producto\/selvamaya\/","og_locale":"es_MX","og_type":"article","og_title":"Purchase Selva Maya (ft. LA2C, MSW, Angel Poot & Rom\u00e1n Dzul) | SINGLE","og_description":"Experience the fusion of ancient Mayan rhythms and contemporary sounds in \"Selva Maya,\" the latest release from Renewal Music Collective. Featuring MSW, LA2C, Angel Poot, and Rom\u00e1n Dzul, this track takes you on a sonic journey through the heart of the jungle.  \"Selva Maya\" is a tribute to the rich heritage of the Yucat\u00e1n Peninsula, blending traditional instruments like the tunkul and ocarinas with modern beats. Recorded across Bolonch\u00e9n, Espita, and Phoenix, the track showcases the collaborative efforts of talented artists dedicated to preserving and innovating Mayan music traditions.  Credits:  *Written by:* Jorge Costa, Juan Carlos Sardaneta, MSW, LA2C, Angel Poot &amp; Rom\u00e1n Dzul *Produced by:* Jorge Costa, Juan Carlos Sardaneta &amp; Angel Poot *Arranged &amp; Programmed by:* Jorge Costa, Juan Carlos Sardaneta *Mastered by:* Erick Urbina @ Reso Mastering *Mixed by:* Jorge Costa @ Alebrije Studios *Recorded by:* Jorge Costa, Angel Poot, MSW, LA2C in Bolonch\u00e9n, Espita &amp; Phoenix *Production Coordinator:* Fernando Santandreu *Video Design &amp; Editing:* Max Bernstein &amp; Rafael Trabolsi *Footage by:* MSW, LA2C, Angel Poot, Jorge Costa, Juan Carlos Sardaneta *Cover Art Design:* Rafael Trabolsi, Juan Carlos Sardaneta *Cover Art Photography:* Jorge Costa  Instrumentalists:  *LA2C:* Lead vocals &amp; rap *MSW:* Lead vocals &amp; rap *Rom\u00e1n Dzul:* Narration, medium conch shell *Angel Poot:* Zacat\u00e1n, Tun Ja *Nieves:* Medium tunkul, large conch shell *Angel Sax:* Ocarinas, small conch shell *Trejo M:* Rain stick, Mayan rattles *Eduardo Nah:* Deep tunkul, turtle shell *Juan Carlos Sardaneta:* Electric bass, keyboards *Jorge Costa:* Harmonies, backing vocals, electric guitar, keyboards, electric bass  *Special Thanks:* Guido Arcella Diez and Fernando Santandreu Guerrero of Suut Cultural Experiences Haciendas of the Mayan World Foundation  Press Kit:\u00a0renewalmusiccollective.com\/se... Website:\u00a0renewalmusiccollective.com Follow us: Instagram.com\/renewalmusiccollective Facebook.com\/renewalmusiccollective","og_url":"https:\/\/renewalmusiccollective.com\/es\/producto\/selvamaya\/","og_site_name":"Renewal Music Collective","article_publisher":"https:\/\/www.facebook.com\/renewalmusiccollective","article_modified_time":"2025-05-07T19:51:10+00:00","og_image":[{"width":1000,"height":1000,"url":"https:\/\/renewalmusiccollective.com\/wp-content\/uploads\/2025\/04\/Arte-Selva.jpg","type":"image\/jpeg"}],"twitter_card":"summary_large_image","twitter_misc":{"Tiempo de lectura":"1 minuto"},"schema":{"@context":"https:\/\/schema.org","@graph":[{"@type":"WebPage","@id":"https:\/\/renewalmusiccollective.com\/product\/selvamaya\/","url":"https:\/\/renewalmusiccollective.com\/product\/selvamaya\/","name":"Purchase Selva Maya (ft. LA2C, MSW, Angel Poot & Rom\u00e1n Dzul) | SINGLE","isPartOf":{"@id":"https:\/\/renewalmusiccollective.com\/en\/#website"},"primaryImageOfPage":{"@id":"https:\/\/renewalmusiccollective.com\/product\/selvamaya\/#primaryimage"},"image":{"@id":"https:\/\/renewalmusiccollective.com\/product\/selvamaya\/#primaryimage"},"thumbnailUrl":"https:\/\/renewalmusiccollective.com\/wp-content\/uploads\/2025\/04\/Arte-Selva.jpg","datePublished":"2025-04-10T18:00:29+00:00","dateModified":"2025-05-07T19:51:10+00:00","breadcrumb":{"@id":"https:\/\/renewalmusiccollective.com\/product\/selvamaya\/#breadcrumb"},"inLanguage":"es","potentialAction":[{"@type":"ReadAction","target":["https:\/\/renewalmusiccollective.com\/product\/selvamaya\/"]}]},{"@type":"ImageObject","inLanguage":"es","@id":"https:\/\/renewalmusiccollective.com\/product\/selvamaya\/#primaryimage","url":"https:\/\/renewalmusiccollective.com\/wp-content\/uploads\/2025\/04\/Arte-Selva.jpg","contentUrl":"https:\/\/renewalmusiccollective.com\/wp-content\/uploads\/2025\/04\/Arte-Selva.jpg","width":1000,"height":1000},{"@type":"BreadcrumbList","@id":"https:\/\/renewalmusiccollective.com\/product\/selvamaya\/#breadcrumb","itemListElement":[{"@type":"ListItem","position":1,"name":"Home","item":"https:\/\/renewalmusiccollective.com\/en\/"},{"@type":"ListItem","position":2,"name":"Shop","item":"https:\/\/renewalmusiccollective.com\/es\/shop\/"},{"@type":"ListItem","position":3,"name":"Selva Maya (ft. LA2C, MSW, Angel Poot &#038; Rom\u00e1n Dzul) | SINGLE"}]},{"@type":"WebSite","@id":"https:\/\/renewalmusiccollective.com\/en\/#website","url":"https:\/\/renewalmusiccollective.com\/en\/","name":"Renewal Music Collective","description":"Downtempo, Jazz, Nu-Jazz, World Music Collective.","publisher":{"@id":"https:\/\/renewalmusiccollective.com\/en\/#organization"},"potentialAction":[{"@type":"SearchAction","target":{"@type":"EntryPoint","urlTemplate":"https:\/\/renewalmusiccollective.com\/en\/?s={search_term_string}"},"query-input":{"@type":"PropertyValueSpecification","valueRequired":true,"valueName":"search_term_string"}}],"inLanguage":"es"},{"@type":"Organization","@id":"https:\/\/renewalmusiccollective.com\/en\/#organization","name":"Renewal Music Collective","url":"https:\/\/renewalmusiccollective.com\/en\/","logo":{"@type":"ImageObject","inLanguage":"es","@id":"https:\/\/renewalmusiccollective.com\/en\/#\/schema\/logo\/image\/","url":"https:\/\/renewalmusiccollective.com\/wp-content\/uploads\/2025\/04\/logo.png","contentUrl":"https:\/\/renewalmusiccollective.com\/wp-content\/uploads\/2025\/04\/logo.png","width":770,"height":290,"caption":"Renewal Music Collective"},"image":{"@id":"https:\/\/renewalmusiccollective.com\/en\/#\/schema\/logo\/image\/"},"sameAs":["https:\/\/www.facebook.com\/renewalmusiccollective","https:\/\/www.instagram.com\/renewalmusiccollective","https:\/\/youtube.com\/@renewalmusiccollective"]}]}},"acf":[],"_links":{"self":[{"href":"https:\/\/renewalmusiccollective.com\/es\/wp-json\/wp\/v2\/product\/1986","targetHints":{"allow":["GET"]}}],"collection":[{"href":"https:\/\/renewalmusiccollective.com\/es\/wp-json\/wp\/v2\/product"}],"about":[{"href":"https:\/\/renewalmusiccollective.com\/es\/wp-json\/wp\/v2\/types\/product"}],"version-history":[{"count":7,"href":"https:\/\/renewalmusiccollective.com\/es\/wp-json\/wp\/v2\/product\/1986\/revisions"}],"predecessor-version":[{"id":8218,"href":"https:\/\/renewalmusiccollective.com\/es\/wp-json\/wp\/v2\/product\/1986\/revisions\/8218"}],"wp:featuredmedia":[{"embeddable":true,"href":"https:\/\/renewalmusiccollective.com\/es\/wp-json\/wp\/v2\/media\/7116"}],"wp:attachment":[{"href":"https:\/\/renewalmusiccollective.com\/es\/wp-json\/wp\/v2\/media?parent=1986"}],"wp:term":[{"taxonomy":"product_brand","embeddable":true,"href":"https:\/\/renewalmusiccollective.com\/es\/wp-json\/wp\/v2\/product_brand?post=1986"},{"taxonomy":"product_cat","embeddable":true,"href":"https:\/\/renewalmusiccollective.com\/es\/wp-json\/wp\/v2\/product_cat?post=1986"},{"taxonomy":"product_tag","embeddable":true,"href":"https:\/\/renewalmusiccollective.com\/es\/wp-json\/wp\/v2\/product_tag?post=1986"}],"curies":[{"name":"wp","href":"https:\/\/api.w.org\/{rel}","templated":true}]}}