{"id":27,"date":"2016-11-08T21:31:26","date_gmt":"2016-11-08T21:31:26","guid":{"rendered":"https:\/\/renewalmusiccollective.com\/?page_id=27"},"modified":"2025-04-10T21:46:45","modified_gmt":"2025-04-11T03:46:45","slug":"donate","status":"publish","type":"page","link":"https:\/\/renewalmusiccollective.com\/es\/donate\/","title":{"rendered":"Donaciones"},"content":{"rendered":"<div data-elementor-type=\"wp-post\" data-elementor-id=\"27\" class=\"elementor elementor-27\" data-elementor-post-type=\"page\">\n\t\t\t\t\t\t<section class=\"elementor-section elementor-top-section elementor-element elementor-element-a326335 elementor-section-stretched elementor-section-height-min-height animated-slow elementor-section-boxed elementor-section-height-default elementor-section-items-middle elementor-invisible\" data-id=\"a326335\" data-element_type=\"section\" data-settings=\"{&quot;stretch_section&quot;:&quot;section-stretched&quot;,&quot;background_background&quot;:&quot;classic&quot;,&quot;animation&quot;:&quot;fadeIn&quot;}\">\n\t\t\t\t\t\t\t<div class=\"elementor-background-overlay\"><\/div>\n\t\t\t\t\t\t\t<div class=\"elementor-container elementor-column-gap-default\">\n\t\t\t\t\t<div class=\"elementor-column elementor-col-100 elementor-top-column elementor-element elementor-element-71fd93f\" data-id=\"71fd93f\" data-element_type=\"column\">\n\t\t\t<div class=\"elementor-widget-wrap elementor-element-populated\">\n\t\t\t\t\t\t<div class=\"elementor-element elementor-element-01ac7a0 elementor-widget elementor-widget-heading\" data-id=\"01ac7a0\" data-element_type=\"widget\" data-widget_type=\"heading.default\">\n\t\t\t\t<div class=\"elementor-widget-container\">\n\t\t\t\t\t<h2 class=\"elementor-heading-title elementor-size-default\">DONACIONES<\/h2>\t\t\t\t<\/div>\n\t\t\t\t<\/div>\n\t\t\t\t<div class=\"elementor-element elementor-element-26a23fe sr-dual-header-content-align-center elementor-widget elementor-widget-sr-dualheading\" data-id=\"26a23fe\" data-element_type=\"widget\" data-widget_type=\"sr-dualheading.default\">\n\t\t\t\t<div class=\"elementor-widget-container\">\n\t\t\t\t\t        <div class=\"sr-dual-header\">\r\n        <h2 class=\"title\"><span class=\"lead\"><\/span> <span><\/span><\/h2>\r\n       <span class=\"subtext\"><\/span>\r\n               <i class=\"fa fa-bolt\"><\/i>\r\n            <\/div>\r\n    \r\n    \r\n    \r\n    \r\n    \t\t\t\t<\/div>\n\t\t\t\t<\/div>\n\t\t\t\t<div class=\"elementor-element elementor-element-4bb7ec3 elementor-widget-divider--view-line elementor-invisible elementor-widget elementor-widget-divider\" data-id=\"4bb7ec3\" data-element_type=\"widget\" data-settings=\"{&quot;_animation&quot;:&quot;fadeInUp&quot;}\" data-widget_type=\"divider.default\">\n\t\t\t\t<div class=\"elementor-widget-container\">\n\t\t\t\t\t\t\t<div class=\"elementor-divider\">\n\t\t\t<span class=\"elementor-divider-separator\">\n\t\t\t\t\t\t<\/span>\n\t\t<\/div>\n\t\t\t\t\t\t<\/div>\n\t\t\t\t<\/div>\n\t\t\t\t<section class=\"elementor-section elementor-inner-section elementor-element elementor-element-f5da573 elementor-section-boxed elementor-section-height-default elementor-section-height-default\" data-id=\"f5da573\" data-element_type=\"section\">\n\t\t\t\t\t\t<div class=\"elementor-container elementor-column-gap-default\">\n\t\t\t\t\t<div class=\"elementor-column elementor-col-100 elementor-inner-column elementor-element elementor-element-494a77e\" data-id=\"494a77e\" data-element_type=\"column\">\n\t\t\t<div class=\"elementor-widget-wrap elementor-element-populated\">\n\t\t\t\t\t\t<div class=\"elementor-element elementor-element-fd8a708 elementor-widget elementor-widget-heading\" data-id=\"fd8a708\" data-element_type=\"widget\" data-widget_type=\"heading.default\">\n\t\t\t\t<div class=\"elementor-widget-container\">\n\t\t\t\t\t<h2 class=\"elementor-heading-title elementor-size-default\">La m\u00fasica tiene el poder de unirnos, de despertar emociones y de llevarnos m\u00e1s all\u00e1 de lo cotidiano\u2014<\/h2>\t\t\t\t<\/div>\n\t\t\t\t<\/div>\n\t\t\t\t<div class=\"elementor-element elementor-element-b699820 elementor-widget elementor-widget-text-editor\" data-id=\"b699820\" data-element_type=\"widget\" data-widget_type=\"text-editor.default\">\n\t\t\t\t<div class=\"elementor-widget-container\">\n\t\t\t\t\t\t\t\t\t<p>Eso es precisamente lo que buscamos con cada ritmo, melod\u00eda y mezcla que creamos.&nbsp;<\/p><p>Ya sea que nos has acompa\u00f1ado desde el inicio o que reci\u00e9n hayas descubierto nuestro sonido, tu presencia aqu\u00ed significa todo para nosotros.<\/p>\t\t\t\t\t\t\t\t<\/div>\n\t\t\t\t<\/div>\n\t\t\t\t<div class=\"elementor-element elementor-element-bc3327c elementor-widget elementor-widget-text-editor\" data-id=\"bc3327c\" data-element_type=\"widget\" data-widget_type=\"text-editor.default\">\n\t\t\t\t<div class=\"elementor-widget-container\">\n\t\t\t\t\t\t\t\t\t<p class=\"p1\">Si nuestra m\u00fasica te ha conmovido, inspirado o simplemente te ha alegrado el d\u00eda, considera apoyarnos con una donaci\u00f3n. Tu contribuci\u00f3n nos ayuda a financiar tiempo de estudio, equipo, colaboraciones y, sobre todo, la libertad creativa para seguir explorando y evolucionando. Cada aporte, por peque\u00f1o que sea, alimenta nuestra pasi\u00f3n y mantiene viva la m\u00fasica.<\/p>\t\t\t\t\t\t\t\t<\/div>\n\t\t\t\t<\/div>\n\t\t\t\t\t<\/div>\n\t\t<\/div>\n\t\t\t\t\t<\/div>\n\t\t<\/section>\n\t\t\t\t<section class=\"elementor-section elementor-inner-section elementor-element elementor-element-3b713ee elementor-section-boxed elementor-section-height-default elementor-section-height-default\" data-id=\"3b713ee\" data-element_type=\"section\">\n\t\t\t\t\t\t<div class=\"elementor-container elementor-column-gap-default\">\n\t\t\t\t\t<div class=\"elementor-column elementor-col-100 elementor-inner-column elementor-element elementor-element-ccaf2c8\" data-id=\"ccaf2c8\" data-element_type=\"column\">\n\t\t\t<div class=\"elementor-widget-wrap elementor-element-populated\">\n\t\t\t\t\t\t<div class=\"elementor-element elementor-element-bd7fc3e elementor-widget__width-auto elementor-widget elementor-widget-image\" data-id=\"bd7fc3e\" data-element_type=\"widget\" data-widget_type=\"image.default\">\n\t\t\t\t<div class=\"elementor-widget-container\">\n\t\t\t\t\t\t\t\t\t\t\t\t\t\t\t<img fetchpriority=\"high\" decoding=\"async\" width=\"559\" height=\"211\" src=\"https:\/\/renewalmusiccollective.com\/wp-content\/uploads\/2025\/04\/logo-559x211.png\" class=\"attachment-medium size-medium wp-image-7001\" alt=\"\" srcset=\"https:\/\/renewalmusiccollective.com\/wp-content\/uploads\/2025\/04\/logo-559x211.png 559w, https:\/\/renewalmusiccollective.com\/wp-content\/uploads\/2025\/04\/logo-768x289.png 768w, https:\/\/renewalmusiccollective.com\/wp-content\/uploads\/2025\/04\/logo-18x7.png 18w, https:\/\/renewalmusiccollective.com\/wp-content\/uploads\/2025\/04\/logo-600x226.png 600w, https:\/\/renewalmusiccollective.com\/wp-content\/uploads\/2025\/04\/logo.png 770w\" sizes=\"(max-width: 559px) 100vw, 559px\" \/>\t\t\t\t\t\t\t\t\t\t\t\t\t\t\t<\/div>\n\t\t\t\t<\/div>\n\t\t\t\t<div class=\"elementor-element elementor-element-574557d elementor-invisible elementor-widget elementor-widget-html\" data-id=\"574557d\" data-element_type=\"widget\" data-settings=\"{&quot;_animation&quot;:&quot;fadeInUp&quot;,&quot;_animation_delay&quot;:300}\" data-widget_type=\"html.default\">\n\t\t\t\t<div class=\"elementor-widget-container\">\n\t\t\t\t\t<iframe id='kofiframe' src='https:\/\/ko-fi.com\/renewalmusiccollective\/?hidefeed=true&widget=true&embed=true&preview=true' style='border:none;width:100%;padding:4px;background:#f9f9f9;' height='712' title='renewalmusiccollective'><\/iframe>\t\t\t\t<\/div>\n\t\t\t\t<\/div>\n\t\t\t\t\t<\/div>\n\t\t<\/div>\n\t\t\t\t\t<\/div>\n\t\t<\/section>\n\t\t\t\t\t<\/div>\n\t\t<\/div>\n\t\t\t\t\t<\/div>\n\t\t<\/section>\n\t\t\t\t<\/div>","protected":false},"excerpt":{"rendered":"<p>DONATIONS Music has the power to bring people together, spark emotion, and transport us beyond the ordinary\u2014 And that\u2019s exactly [&hellip;]<\/p>\n","protected":false},"author":2,"featured_media":0,"parent":0,"menu_order":34,"comment_status":"closed","ping_status":"closed","template":"","meta":{"footnotes":""},"class_list":["post-27","page","type-page","status-publish","hentry"],"yoast_head":"<!-- This site is optimized with the Yoast SEO plugin v27.2 - https:\/\/yoast.com\/product\/yoast-seo-wordpress\/ -->\n<title>Donate | Renewal Music Collective<\/title>\n<meta name=\"robots\" content=\"index, follow, max-snippet:-1, max-image-preview:large, max-video-preview:-1\" \/>\n<link rel=\"canonical\" href=\"https:\/\/renewalmusiccollective.com\/es\/donate\/\" \/>\n<meta property=\"og:locale\" content=\"es_MX\" \/>\n<meta property=\"og:type\" content=\"article\" \/>\n<meta property=\"og:title\" content=\"Donate | Renewal Music Collective\" \/>\n<meta property=\"og:description\" content=\"DONATIONS Music has the power to bring people together, spark emotion, and transport us beyond the ordinary\u2014 And that\u2019s exactly [&hellip;]\" \/>\n<meta property=\"og:url\" content=\"https:\/\/renewalmusiccollective.com\/es\/donate\/\" \/>\n<meta property=\"og:site_name\" content=\"Renewal Music Collective\" \/>\n<meta property=\"article:publisher\" content=\"https:\/\/www.facebook.com\/renewalmusiccollective\" \/>\n<meta property=\"article:modified_time\" content=\"2025-04-11T03:46:45+00:00\" \/>\n<meta property=\"og:image\" content=\"https:\/\/renewalmusiccollective.com\/wp-content\/uploads\/2025\/04\/logo-559x211.png\" \/>\n<meta name=\"twitter:card\" content=\"summary_large_image\" \/>\n<meta name=\"twitter:label1\" content=\"Tiempo de lectura\" \/>\n\t<meta name=\"twitter:data1\" content=\"1 minuto\" \/>\n<script type=\"application\/ld+json\" class=\"yoast-schema-graph\">{\"@context\":\"https:\/\/schema.org\",\"@graph\":[{\"@type\":\"WebPage\",\"@id\":\"https:\/\/renewalmusiccollective.com\/donate\/\",\"url\":\"https:\/\/renewalmusiccollective.com\/donate\/\",\"name\":\"Donate | Renewal Music Collective\",\"isPartOf\":{\"@id\":\"https:\/\/renewalmusiccollective.com\/en\/#website\"},\"primaryImageOfPage\":{\"@id\":\"https:\/\/renewalmusiccollective.com\/donate\/#primaryimage\"},\"image\":{\"@id\":\"https:\/\/renewalmusiccollective.com\/donate\/#primaryimage\"},\"thumbnailUrl\":\"https:\/\/renewalmusiccollective.com\/wp-content\/uploads\/2025\/04\/logo-559x211.png\",\"datePublished\":\"2016-11-08T21:31:26+00:00\",\"dateModified\":\"2025-04-11T03:46:45+00:00\",\"breadcrumb\":{\"@id\":\"https:\/\/renewalmusiccollective.com\/donate\/#breadcrumb\"},\"inLanguage\":\"es\",\"potentialAction\":[{\"@type\":\"ReadAction\",\"target\":[\"https:\/\/renewalmusiccollective.com\/donate\/\"]}]},{\"@type\":\"ImageObject\",\"inLanguage\":\"es\",\"@id\":\"https:\/\/renewalmusiccollective.com\/donate\/#primaryimage\",\"url\":\"https:\/\/renewalmusiccollective.com\/wp-content\/uploads\/2025\/04\/logo-559x211.png\",\"contentUrl\":\"https:\/\/renewalmusiccollective.com\/wp-content\/uploads\/2025\/04\/logo-559x211.png\"},{\"@type\":\"BreadcrumbList\",\"@id\":\"https:\/\/renewalmusiccollective.com\/donate\/#breadcrumb\",\"itemListElement\":[{\"@type\":\"ListItem\",\"position\":1,\"name\":\"Home\",\"item\":\"https:\/\/renewalmusiccollective.com\/en\/\"},{\"@type\":\"ListItem\",\"position\":2,\"name\":\"Donate\"}]},{\"@type\":\"WebSite\",\"@id\":\"https:\/\/renewalmusiccollective.com\/en\/#website\",\"url\":\"https:\/\/renewalmusiccollective.com\/en\/\",\"name\":\"Renewal Music Collective\",\"description\":\"Downtempo, Jazz, Nu-Jazz, World Music Collective.\",\"publisher\":{\"@id\":\"https:\/\/renewalmusiccollective.com\/en\/#organization\"},\"potentialAction\":[{\"@type\":\"SearchAction\",\"target\":{\"@type\":\"EntryPoint\",\"urlTemplate\":\"https:\/\/renewalmusiccollective.com\/en\/?s={search_term_string}\"},\"query-input\":{\"@type\":\"PropertyValueSpecification\",\"valueRequired\":true,\"valueName\":\"search_term_string\"}}],\"inLanguage\":\"es\"},{\"@type\":\"Organization\",\"@id\":\"https:\/\/renewalmusiccollective.com\/en\/#organization\",\"name\":\"Renewal Music Collective\",\"url\":\"https:\/\/renewalmusiccollective.com\/en\/\",\"logo\":{\"@type\":\"ImageObject\",\"inLanguage\":\"es\",\"@id\":\"https:\/\/renewalmusiccollective.com\/en\/#\/schema\/logo\/image\/\",\"url\":\"https:\/\/renewalmusiccollective.com\/wp-content\/uploads\/2025\/04\/logo.png\",\"contentUrl\":\"https:\/\/renewalmusiccollective.com\/wp-content\/uploads\/2025\/04\/logo.png\",\"width\":770,\"height\":290,\"caption\":\"Renewal Music Collective\"},\"image\":{\"@id\":\"https:\/\/renewalmusiccollective.com\/en\/#\/schema\/logo\/image\/\"},\"sameAs\":[\"https:\/\/www.facebook.com\/renewalmusiccollective\",\"https:\/\/www.instagram.com\/renewalmusiccollective\",\"https:\/\/youtube.com\/@renewalmusiccollective\"]}]}<\/script>\n<!-- \/ Yoast SEO plugin. -->","yoast_head_json":{"title":"Donate | Renewal Music Collective","robots":{"index":"index","follow":"follow","max-snippet":"max-snippet:-1","max-image-preview":"max-image-preview:large","max-video-preview":"max-video-preview:-1"},"canonical":"https:\/\/renewalmusiccollective.com\/es\/donate\/","og_locale":"es_MX","og_type":"article","og_title":"Donate | Renewal Music Collective","og_description":"DONATIONS Music has the power to bring people together, spark emotion, and transport us beyond the ordinary\u2014 And that\u2019s exactly [&hellip;]","og_url":"https:\/\/renewalmusiccollective.com\/es\/donate\/","og_site_name":"Renewal Music Collective","article_publisher":"https:\/\/www.facebook.com\/renewalmusiccollective","article_modified_time":"2025-04-11T03:46:45+00:00","og_image":[{"url":"https:\/\/renewalmusiccollective.com\/wp-content\/uploads\/2025\/04\/logo-559x211.png","type":"","width":"","height":""}],"twitter_card":"summary_large_image","twitter_misc":{"Tiempo de lectura":"1 minuto"},"schema":{"@context":"https:\/\/schema.org","@graph":[{"@type":"WebPage","@id":"https:\/\/renewalmusiccollective.com\/donate\/","url":"https:\/\/renewalmusiccollective.com\/donate\/","name":"Donate | Renewal Music Collective","isPartOf":{"@id":"https:\/\/renewalmusiccollective.com\/en\/#website"},"primaryImageOfPage":{"@id":"https:\/\/renewalmusiccollective.com\/donate\/#primaryimage"},"image":{"@id":"https:\/\/renewalmusiccollective.com\/donate\/#primaryimage"},"thumbnailUrl":"https:\/\/renewalmusiccollective.com\/wp-content\/uploads\/2025\/04\/logo-559x211.png","datePublished":"2016-11-08T21:31:26+00:00","dateModified":"2025-04-11T03:46:45+00:00","breadcrumb":{"@id":"https:\/\/renewalmusiccollective.com\/donate\/#breadcrumb"},"inLanguage":"es","potentialAction":[{"@type":"ReadAction","target":["https:\/\/renewalmusiccollective.com\/donate\/"]}]},{"@type":"ImageObject","inLanguage":"es","@id":"https:\/\/renewalmusiccollective.com\/donate\/#primaryimage","url":"https:\/\/renewalmusiccollective.com\/wp-content\/uploads\/2025\/04\/logo-559x211.png","contentUrl":"https:\/\/renewalmusiccollective.com\/wp-content\/uploads\/2025\/04\/logo-559x211.png"},{"@type":"BreadcrumbList","@id":"https:\/\/renewalmusiccollective.com\/donate\/#breadcrumb","itemListElement":[{"@type":"ListItem","position":1,"name":"Home","item":"https:\/\/renewalmusiccollective.com\/en\/"},{"@type":"ListItem","position":2,"name":"Donate"}]},{"@type":"WebSite","@id":"https:\/\/renewalmusiccollective.com\/en\/#website","url":"https:\/\/renewalmusiccollective.com\/en\/","name":"Renewal Music Collective","description":"Downtempo, Jazz, Nu-Jazz, World Music Collective.","publisher":{"@id":"https:\/\/renewalmusiccollective.com\/en\/#organization"},"potentialAction":[{"@type":"SearchAction","target":{"@type":"EntryPoint","urlTemplate":"https:\/\/renewalmusiccollective.com\/en\/?s={search_term_string}"},"query-input":{"@type":"PropertyValueSpecification","valueRequired":true,"valueName":"search_term_string"}}],"inLanguage":"es"},{"@type":"Organization","@id":"https:\/\/renewalmusiccollective.com\/en\/#organization","name":"Renewal Music Collective","url":"https:\/\/renewalmusiccollective.com\/en\/","logo":{"@type":"ImageObject","inLanguage":"es","@id":"https:\/\/renewalmusiccollective.com\/en\/#\/schema\/logo\/image\/","url":"https:\/\/renewalmusiccollective.com\/wp-content\/uploads\/2025\/04\/logo.png","contentUrl":"https:\/\/renewalmusiccollective.com\/wp-content\/uploads\/2025\/04\/logo.png","width":770,"height":290,"caption":"Renewal Music Collective"},"image":{"@id":"https:\/\/renewalmusiccollective.com\/en\/#\/schema\/logo\/image\/"},"sameAs":["https:\/\/www.facebook.com\/renewalmusiccollective","https:\/\/www.instagram.com\/renewalmusiccollective","https:\/\/youtube.com\/@renewalmusiccollective"]}]}},"acf":[],"_links":{"self":[{"href":"https:\/\/renewalmusiccollective.com\/es\/wp-json\/wp\/v2\/pages\/27","targetHints":{"allow":["GET"]}}],"collection":[{"href":"https:\/\/renewalmusiccollective.com\/es\/wp-json\/wp\/v2\/pages"}],"about":[{"href":"https:\/\/renewalmusiccollective.com\/es\/wp-json\/wp\/v2\/types\/page"}],"author":[{"embeddable":true,"href":"https:\/\/renewalmusiccollective.com\/es\/wp-json\/wp\/v2\/users\/2"}],"replies":[{"embeddable":true,"href":"https:\/\/renewalmusiccollective.com\/es\/wp-json\/wp\/v2\/comments?post=27"}],"version-history":[{"count":10,"href":"https:\/\/renewalmusiccollective.com\/es\/wp-json\/wp\/v2\/pages\/27\/revisions"}],"predecessor-version":[{"id":7372,"href":"https:\/\/renewalmusiccollective.com\/es\/wp-json\/wp\/v2\/pages\/27\/revisions\/7372"}],"wp:attachment":[{"href":"https:\/\/renewalmusiccollective.com\/es\/wp-json\/wp\/v2\/media?parent=27"}],"curies":[{"name":"wp","href":"https:\/\/api.w.org\/{rel}","templated":true}]}}